{"id":6981,"date":"2022-08-17T13:27:08","date_gmt":"2022-08-17T12:27:08","guid":{"rendered":"https:\/\/boatshop.se\/?page_id=6981"},"modified":"2023-01-25T08:19:52","modified_gmt":"2023-01-25T07:19:52","slug":"ronneby-marina-2","status":"publish","type":"page","link":"https:\/\/boatshop.se\/en\/ronneby-marina-2\/","title":{"rendered":"Ronneby Marina"},"content":{"rendered":"<p>[et_pb_section fb_built=&#8221;1&#8243; _builder_version=&#8221;4.19.2&#8243; background_color=&#8221;rgba(0,0,0,0.28)&#8221; use_background_color_gradient=&#8221;on&#8221; background_color_gradient_direction=&#8221;174deg&#8221; background_color_gradient_stops=&#8221;rgba(0,0,0,0.87) 0%|rgba(0,0,0,0) 100%&#8221; background_color_gradient_start=&#8221;rgba(0,0,0,0.87)&#8221; background_color_gradient_end=&#8221;rgba(0,0,0,0)&#8221; background_image=&#8221;https:\/\/boatshop.se\/wp-content\/uploads\/2023\/01\/IMG_4846.jpeg&#8221; background_position=&#8221;center_right&#8221; background_blend=&#8221;overlay&#8221; custom_padding=&#8221;86px||161px|||&#8221; background_last_edited=&#8221;on|phone&#8221; background_size_phone=&#8221;contain&#8221; global_colors_info=&#8221;{}&#8221;][et_pb_row _builder_version=&#8221;4.16&#8243; custom_padding=&#8221;22px|||||&#8221; global_colors_info=&#8221;{}&#8221;][et_pb_column type=&#8221;4_4&#8243; _builder_version=&#8221;4.16&#8243; global_colors_info=&#8221;{}&#8221;][et_pb_text _builder_version=&#8221;4.18.0&#8243; background_layout=&#8221;dark&#8221; custom_margin=&#8221;-4px|||||&#8221; global_colors_info=&#8221;{}&#8221;]<\/p>\n<h1><\/h1>\n<p>[\/et_pb_text][\/et_pb_column][\/et_pb_row][\/et_pb_section][et_pb_section fb_built=&#8221;1&#8243; _builder_version=&#8221;4.16&#8243; global_colors_info=&#8221;{}&#8221;][et_pb_row _builder_version=&#8221;4.16&#8243; global_colors_info=&#8221;{}&#8221;][et_pb_column type=&#8221;4_4&#8243; _builder_version=&#8221;4.16&#8243; global_colors_info=&#8221;{}&#8221;][et_pb_text _builder_version=&#8221;4.18.0&#8243; text_font=&#8221;Didact Gothic||||||||&#8221; text_font_size=&#8221;21px&#8221; header_2_font=&#8221;Didact Gothic||||||||&#8221; header_2_text_align=&#8221;center&#8221; text_orientation=&#8221;center&#8221; global_colors_info=&#8221;{}&#8221;]Nu sl\u00e5r vi upp portarna till v\u00e5r helt nya marina i Ronneby hamn, 30m fr\u00e5n vattnet!<br \/>\nH\u00e4r har vi har en yta p\u00e5 7.200m2 p\u00e5 b\u00e4sta l\u00e4ge! Inh\u00e4gnat, larmat och bevakat \u00e5ret runt.<br \/>\nVi har idag en fullisolerad st\u00e5lhall p\u00e5 n\u00e4stan 900m2 d\u00e4r vi erbjuder vinterf\u00f6rvaring och service.[\/et_pb_text][et_pb_image src=&#8221;https:\/\/boatshop.se\/wp-content\/uploads\/2020\/12\/boat.png&#8221; title_text=&#8221;boat&#8221; align=&#8221;center&#8221; _builder_version=&#8221;4.18.0&#8243; _module_preset=&#8221;default&#8221; global_colors_info=&#8221;{}&#8221;][\/et_pb_image][\/et_pb_column][\/et_pb_row][et_pb_row _builder_version=&#8221;4.18.0&#8243; _module_preset=&#8221;default&#8221; link_option_url_new_window=&#8221;on&#8221; hover_enabled=&#8221;0&#8243; global_colors_info=&#8221;{}&#8221; sticky_enabled=&#8221;0&#8243;][et_pb_column type=&#8221;4_4&#8243; _builder_version=&#8221;4.18.0&#8243; _module_preset=&#8221;default&#8221; global_colors_info=&#8221;{}&#8221;][et_pb_video src=&#8221;https:\/\/youtu.be\/ie9VALyCXfg&#8221; image_src=&#8221;https:\/\/boatshop.se\/wp-content\/uploads\/2022\/09\/IMG_4451.jpeg&#8221; _builder_version=&#8221;4.19.2&#8243; _module_preset=&#8221;default&#8221; hover_enabled=&#8221;0&#8243; global_colors_info=&#8221;{}&#8221; sticky_enabled=&#8221;0&#8243;][\/et_pb_video][\/et_pb_column][\/et_pb_row][\/et_pb_section][et_pb_section fb_built=&#8221;1&#8243; _builder_version=&#8221;4.16&#8243; _module_preset=&#8221;default&#8221; custom_padding=&#8221;13px|||||&#8221; global_colors_info=&#8221;{}&#8221;][et_pb_row _builder_version=&#8221;4.16&#8243; _module_preset=&#8221;default&#8221; global_colors_info=&#8221;{}&#8221;][et_pb_column type=&#8221;4_4&#8243; _builder_version=&#8221;4.16&#8243; _module_preset=&#8221;default&#8221; global_colors_info=&#8221;{}&#8221;][et_pb_blurb title=&#8221;Det h\u00e4r erbjuder vi p\u00e5 Ronneby Marina&#8221; image=&#8221;https:\/\/boatshop.se\/wp-content\/uploads\/2020\/12\/handshake.png&#8221; content_max_width=&#8221;1100px&#8221; _builder_version=&#8221;4.18.0&#8243; _module_preset=&#8221;default&#8221; header_font=&#8221;Didact Gothic|700|||||||&#8221; header_text_align=&#8221;center&#8221; body_font=&#8221;Didact Gothic||||||||&#8221; body_font_size=&#8221;18px&#8221; custom_padding=&#8221;0px||||false|false&#8221; global_colors_info=&#8221;{}&#8221;]<\/p>\n<p><span style=\"font-weight: 400;\"><\/span><\/p>\n<p><span style=\"font-weight: 400;\">&#8211; Vinterf\u00f6rvaring inne i varmhall, alternativt vinterf\u00f6rvaring utomhus p\u00e5 v\u00e5rt inh\u00e4gnade och bevakade omr\u00e5de. <\/span><span style=\"font-weight: 400;\"><br \/><\/span><span style=\"font-weight: 400;\">Vi har \u00e4ven specialerbjudande f\u00f6r vinterf\u00f6rvaring av vattenskotrar i v\u00e5r varmhall!<\/span><span style=\"font-weight: 400;\"><\/span><\/p>\n<p><span style=\"font-weight: 400;\">&#8211; Upptagning och sj\u00f6s\u00e4ttning av b\u00e5tar<\/span><span style=\"font-weight: 400;\"><\/span><\/p>\n<p><span style=\"font-weight: 400;\">&#8211; Servicearbeten:<\/span><\/p>\n<p><span style=\"font-weight: 400;\">&#8211; Konservering av inombordare och utombordare<\/span><\/p>\n<p><span style=\"font-weight: 400;\">&#8211; Service, underh\u00e5ll och reparationer av SeaDoo &amp; Yamaha vattenskotrar (vi tar in auktoriserade partners som kommer till oss och g\u00f6r service &amp; reparationer)\u00a0<\/span><\/p>\n<p><span style=\"font-weight: 400;\">&#8211; Polering<\/span><\/p>\n<p><span style=\"font-weight: 400;\">&#8211; Tv\u00e4tt \u00f6verbyggnad<\/span><\/p>\n<p><span style=\"font-weight: 400;\">&#8211; Bottentv\u00e4tt p\u00e5 v\u00e5r spolplatta med oljeavskiljare<\/span><\/p>\n<p><span style=\"font-weight: 400;\">&#8211; Lagning \/ Nytillverkning av kapell och dynor i samarbete med Tony P Kapell<\/span><\/p>\n<p><span style=\"font-weight: 400;\">&#8211; Oljeservice av motorer<\/span><\/p>\n<p><span style=\"font-weight: 400;\">&#8211; Oljebyte\/provtryckning av drev\/rigg<\/span><\/p>\n<p><span style=\"font-weight: 400;\">&#8211; Bottenm\u00e5lning<\/span><\/p>\n<p><span style=\"font-weight: 400;\">&#8211; Nyinstallationer av plottrar, radar, ankarspel, v\u00e4rmare osv.<\/span><\/p>\n<p>[\/et_pb_blurb][\/et_pb_column][\/et_pb_row][\/et_pb_section][et_pb_section fb_built=&#8221;1&#8243; _builder_version=&#8221;4.16&#8243; _module_preset=&#8221;default&#8221; use_background_color_gradient=&#8221;on&#8221; background_color_gradient_type=&#8221;circular&#8221; background_color_gradient_stops=&#8221;rgba(0,0,0,0.53) 0%|rgba(0,0,0,0.28) 100%&#8221; background_color_gradient_overlays_image=&#8221;on&#8221; background_color_gradient_start=&#8221;rgba(0,0,0,0.53)&#8221; background_color_gradient_end=&#8221;rgba(0,0,0,0.28)&#8221; background_image=&#8221;https:\/\/boatshop.se\/wp-content\/uploads\/2020\/01\/IMG_9076.jpg&#8221; global_colors_info=&#8221;{}&#8221;][et_pb_row _builder_version=&#8221;4.16&#8243; _module_preset=&#8221;default&#8221; global_colors_info=&#8221;{}&#8221;][et_pb_column type=&#8221;4_4&#8243; _builder_version=&#8221;4.16&#8243; _module_preset=&#8221;default&#8221; global_colors_info=&#8221;{}&#8221;][et_pb_text _builder_version=&#8221;4.18.0&#8243; _module_preset=&#8221;default&#8221; header_4_font=&#8221;Didact Gothic|700|||||||&#8221; header_4_text_align=&#8221;center&#8221; header_4_text_color=&#8221;#ffffff&#8221; background_color_gradient_direction=&#8221;93deg&#8221; global_colors_info=&#8221;{}&#8221;]<\/p>\n<h4>Tveka inte att kontakta oss f\u00f6r mer info och offerter!<\/h4>\n<p>[\/et_pb_text][et_pb_button button_url=&#8221;https:\/\/boatshop.se\/kontakt\/&#8221; button_text=&#8221;Kontakta oss&#8221; button_alignment=&#8221;center&#8221; _builder_version=&#8221;4.16&#8243; _module_preset=&#8221;default&#8221; custom_button=&#8221;on&#8221; button_text_color=&#8221;#ffffff&#8221; button_border_color=&#8221;#ffffff&#8221; global_colors_info=&#8221;{}&#8221;][\/et_pb_button][\/et_pb_column][\/et_pb_row][\/et_pb_section][et_pb_section fb_built=&#8221;1&#8243; _builder_version=&#8221;4.2.2&#8243; global_module=&#8221;106&#8243; saved_tabs=&#8221;all&#8221; global_colors_info=&#8221;{}&#8221;][et_pb_row admin_label=&#8221;Newsletter Area&#8221; _builder_version=&#8221;4.16&#8243; custom_padding=&#8221;||10px|&#8221; global_colors_info=&#8221;{}&#8221;][et_pb_column type=&#8221;4_4&#8243; _builder_version=&#8221;4.16&#8243; custom_padding=&#8221;|||&#8221; global_colors_info=&#8221;{}&#8221; custom_padding__hover=&#8221;|||&#8221;][et_pb_text admin_label=&#8221;Title&#8221; _builder_version=&#8221;4.16&#8243; text_font=&#8221;||||||||&#8221; header_font=&#8221;||||||||&#8221; header_2_font=&#8221;Didact Gothic|600|||||||&#8221; header_2_text_color=&#8221;#000000&#8243; header_2_font_size=&#8221;31px&#8221; header_2_line_height=&#8221;1.2em&#8221; text_orientation=&#8221;center&#8221; background_layout=&#8221;dark&#8221; max_width=&#8221;550px&#8221; module_alignment=&#8221;center&#8221; custom_margin=&#8221;||0px|&#8221; animation_style=&#8221;fade&#8221; locked=&#8221;off&#8221; global_colors_info=&#8221;{}&#8221;]<\/p>\n<h2>Prenumerera p\u00e5 v\u00e5rt nyhetsbrev<\/h2>\n<p>[\/et_pb_text][et_pb_divider color=&#8221;#e5bc48&#8243; divider_position=&#8221;center&#8221; divider_weight=&#8221;3px&#8221; _builder_version=&#8221;4.16&#8243; max_width=&#8221;50px&#8221; module_alignment=&#8221;center&#8221; custom_margin=&#8221;||20px|&#8221; animation_style=&#8221;slide&#8221; animation_direction=&#8221;top&#8221; animation_intensity_slide=&#8221;10%&#8221; animation_starting_opacity=&#8221;100%&#8221; locked=&#8221;off&#8221; global_colors_info=&#8221;{}&#8221;][\/et_pb_divider][et_pb_text _builder_version=&#8221;4.16&#8243; text_font=&#8221;Didact Gothic||||||||&#8221; text_text_color=&#8221;#000000&#8243; text_font_size=&#8221;18px&#8221; text_line_height=&#8221;1.8em&#8221; header_font=&#8221;||||||||&#8221; text_orientation=&#8221;center&#8221; max_width=&#8221;550px&#8221; module_alignment=&#8221;center&#8221; custom_margin=&#8221;|||&#8221; custom_padding=&#8221;|||&#8221; animation_style=&#8221;fade&#8221; locked=&#8221;off&#8221; global_colors_info=&#8221;{}&#8221;]<\/p>\n<p>Ta del av objekt innan dem l\u00e4ggs ut samt h\u00e5ll dig uppdaterad p\u00e5 nyheter direkt i din inkorg!<\/p>\n<p>[\/et_pb_text][\/et_pb_column][\/et_pb_row][et_pb_row column_structure=&#8221;1_4,1_2,1_4&#8243; admin_label=&#8221;Email Option Area&#8221; _builder_version=&#8221;4.16&#8243; custom_padding=&#8221;0px||0px|&#8221; global_colors_info=&#8221;{}&#8221;][et_pb_column type=&#8221;1_4&#8243; _builder_version=&#8221;4.16&#8243; custom_padding=&#8221;|||&#8221; global_colors_info=&#8221;{}&#8221; custom_padding__hover=&#8221;|||&#8221;][\/et_pb_column][et_pb_column type=&#8221;1_2&#8243; _builder_version=&#8221;4.16&#8243; custom_padding=&#8221;|||&#8221; global_colors_info=&#8221;{}&#8221; custom_padding__hover=&#8221;|||&#8221;][et_pb_signup mailchimp_list=&#8221;undefined|undefined|SlavaET|03dac884f0&#8243; first_name_field=&#8221;off&#8221; last_name_field=&#8221;off&#8221; _builder_version=&#8221;4.16&#8243; form_field_background_color=&#8221;#eaeaea&#8221; form_field_text_color=&#8221;#000000&#8243; form_field_focus_background_color=&#8221;#eaeaea&#8221; form_field_focus_text_color=&#8221;#000000&#8243; body_font=&#8221;Poppins|600||on|||||&#8221; use_background_color=&#8221;off&#8221; custom_button=&#8221;on&#8221; button_text_size=&#8221;14px&#8221; button_text_color=&#8221;#ffffff&#8221; button_bg_color=&#8221;#e5bc48&#8243; button_border_width=&#8221;8px&#8221; button_border_color=&#8221;#e5bc48&#8243; button_border_radius=&#8221;0px&#8221; button_letter_spacing=&#8221;2px&#8221; button_font=&#8221;||||||||&#8221; button_icon=&#8221;&#x24;||divi||400&#8243; custom_margin=&#8221;|||&#8221; custom_padding=&#8221;|||&#8221; animation_style=&#8221;fade&#8221; global_colors_info=&#8221;{}&#8221; button_text_size__hover_enabled=&#8221;off&#8221; button_one_text_size__hover_enabled=&#8221;off&#8221; button_two_text_size__hover_enabled=&#8221;off&#8221; button_text_color__hover_enabled=&#8221;off&#8221; button_one_text_color__hover_enabled=&#8221;off&#8221; button_two_text_color__hover_enabled=&#8221;off&#8221; button_border_width__hover_enabled=&#8221;off&#8221; button_one_border_width__hover_enabled=&#8221;off&#8221; button_two_border_width__hover_enabled=&#8221;off&#8221; button_border_color__hover_enabled=&#8221;off&#8221; button_one_border_color__hover_enabled=&#8221;off&#8221; button_two_border_color__hover_enabled=&#8221;off&#8221; button_border_radius__hover_enabled=&#8221;off&#8221; button_one_border_radius__hover_enabled=&#8221;off&#8221; button_two_border_radius__hover_enabled=&#8221;off&#8221; button_letter_spacing__hover_enabled=&#8221;off&#8221; button_one_letter_spacing__hover_enabled=&#8221;off&#8221; button_two_letter_spacing__hover_enabled=&#8221;off&#8221; button_bg_color__hover_enabled=&#8221;off&#8221; button_one_bg_color__hover_enabled=&#8221;off&#8221; button_two_bg_color__hover_enabled=&#8221;off&#8221;][\/et_pb_signup][\/et_pb_column][et_pb_column type=&#8221;1_4&#8243; _builder_version=&#8221;4.16&#8243; custom_padding=&#8221;|||&#8221; global_colors_info=&#8221;{}&#8221; custom_padding__hover=&#8221;|||&#8221;][\/et_pb_column][\/et_pb_row][et_pb_row _builder_version=&#8221;4.16&#8243; global_colors_info=&#8221;{}&#8221;][et_pb_column type=&#8221;4_4&#8243; _builder_version=&#8221;4.16&#8243; global_colors_info=&#8221;{}&#8221;][et_pb_text _builder_version=&#8221;4.16&#8243; header_3_font=&#8221;|300|||||||&#8221; text_orientation=&#8221;center&#8221; global_colors_info=&#8221;{}&#8221;]<\/p>\n<h3>Kontakt<\/h3>\n<p>[\/et_pb_text][et_pb_divider color=&#8221;#e5bc48&#8243; divider_weight=&#8221;2px&#8221; _builder_version=&#8221;4.16&#8243; width=&#8221;100px&#8221; module_alignment=&#8221;center&#8221; global_colors_info=&#8221;{}&#8221;][\/et_pb_divider][\/et_pb_column][\/et_pb_row][et_pb_row column_structure=&#8221;1_3,1_3,1_3&#8243; _builder_version=&#8221;4.16&#8243; global_colors_info=&#8221;{}&#8221;][et_pb_column type=&#8221;1_3&#8243; _builder_version=&#8221;4.16&#8243; global_colors_info=&#8221;{}&#8221;][et_pb_text _builder_version=&#8221;4.16&#8243; link_text_color=&#8221;#000000&#8243; text_orientation=&#8221;center&#8221; global_colors_info=&#8221;{}&#8221;]<\/p>\n<h3>Epost<\/h3>\n<p><a href=\"mailto:robin@boatshop.se\">Robin@boatshop.se<\/a><\/p>\n<p>[\/et_pb_text][\/et_pb_column][et_pb_column type=&#8221;1_3&#8243; _builder_version=&#8221;4.16&#8243; global_colors_info=&#8221;{}&#8221;][et_pb_text _builder_version=&#8221;4.16&#8243; header_text_align=&#8221;left&#8221; text_orientation=&#8221;center&#8221; module_alignment=&#8221;left&#8221; global_colors_info=&#8221;{}&#8221;]<\/p>\n<h3>Bes\u00f6ksadress<\/h3>\n<p>Boatshop i Blekinge AB<br \/>\u00d6stra PIREN 2, 372 73 Ronneby<\/p>\n<p>[\/et_pb_text][\/et_pb_column][et_pb_column type=&#8221;1_3&#8243; _builder_version=&#8221;4.16&#8243; global_colors_info=&#8221;{}&#8221;][et_pb_text _builder_version=&#8221;4.19.2&#8243; text_text_color=&#8221;#000000&#8243; link_text_color=&#8221;#000000&#8243; text_orientation=&#8221;center&#8221; global_colors_info=&#8221;{}&#8221;]<\/p>\n<h3>Telefon<\/h3>\n<p><a href=\"call:0708202698\">+46 (0)708 202 698<\/a><\/p>\n<p>[\/et_pb_text][\/et_pb_column][\/et_pb_row][\/et_pb_section][et_pb_section fb_built=&#8221;1&#8243; _builder_version=&#8221;4.2.2&#8243; background_color=&#8221;#000000&#8243; global_module=&#8221;107&#8243; saved_tabs=&#8221;all&#8221; global_colors_info=&#8221;{}&#8221;][\/et_pb_section]<\/p>\n","protected":false},"excerpt":{"rendered":"<p>Nu sl\u00e5r vi upp portarna till v\u00e5r helt nya marina i Ronneby hamn, 30m fr\u00e5n vattnet! H\u00e4r har vi har en yta p\u00e5 7.200m2 p\u00e5 b\u00e4sta l\u00e4ge! Inh\u00e4gnat, larmat och bevakat \u00e5ret runt. Vi har idag en fullisolerad st\u00e5lhall p\u00e5 n\u00e4stan 900m2 d\u00e4r vi erbjuder vinterf\u00f6rvaring och service. &#8211; Vinterf\u00f6rvaring inne i varmhall, alternativt vinterf\u00f6rvaring [&hellip;]<\/p>\n","protected":false},"author":3,"featured_media":0,"parent":0,"menu_order":0,"comment_status":"closed","ping_status":"closed","template":"","meta":{"_et_pb_use_builder":"on","_et_pb_old_content":"","_et_gb_content_width":"","footnotes":""},"class_list":["post-6981","page","type-page","status-publish","hentry"],"_links":{"self":[{"href":"https:\/\/boatshop.se\/en\/wp-json\/wp\/v2\/pages\/6981","targetHints":{"allow":["GET"]}}],"collection":[{"href":"https:\/\/boatshop.se\/en\/wp-json\/wp\/v2\/pages"}],"about":[{"href":"https:\/\/boatshop.se\/en\/wp-json\/wp\/v2\/types\/page"}],"author":[{"embeddable":true,"href":"https:\/\/boatshop.se\/en\/wp-json\/wp\/v2\/users\/3"}],"replies":[{"embeddable":true,"href":"https:\/\/boatshop.se\/en\/wp-json\/wp\/v2\/comments?post=6981"}],"version-history":[{"count":12,"href":"https:\/\/boatshop.se\/en\/wp-json\/wp\/v2\/pages\/6981\/revisions"}],"predecessor-version":[{"id":7581,"href":"https:\/\/boatshop.se\/en\/wp-json\/wp\/v2\/pages\/6981\/revisions\/7581"}],"wp:attachment":[{"href":"https:\/\/boatshop.se\/en\/wp-json\/wp\/v2\/media?parent=6981"}],"curies":[{"name":"wp","href":"https:\/\/api.w.org\/{rel}","templated":true}]}}